{"id":804,"date":"2018-10-10T05:53:40","date_gmt":"2018-10-10T05:53:40","guid":{"rendered":"https:\/\/jthemes.net\/themes\/wp\/genemy\/creative\/?page_id=804"},"modified":"2026-03-16T11:50:31","modified_gmt":"2026-03-16T11:50:31","slug":"portfolios","status":"publish","type":"page","link":"https:\/\/www.salpadesigns.com\/es\/portfolios\/","title":{"rendered":"Portfolios"},"content":{"rendered":"<div class=\"wpb-content-wrapper\"><p>[vc_row][vc_column][genemy_section_title name=\u00bbLo m\u00e1s reciente de nuestro portafolio\u00bb title=\u00bbDise\u00f1amos sitios {web atractivos} para tu negocio\u00bb subtitle=\u00bb\u00bb align=\u00bbleft\u00bb underline_color=\u00bbunderline-yellow\u00bb][\/vc_column][\/vc_row][vc_row][vc_column]\t<div id=\"portfolio-1\" class=\"portfolio-section\">\r\n\t\t<!--   PORTFOLIO  -->\r\n\t<div class=\"row\">\r\n\t\t<div class=\"col-lg-12\">\r\n\t\t\t<div class=\"portfolio-filter m-bottom-50\" data-active=\"\">\r\n\t\t\t\t\t<button class=\"is-checked\" data-filter=\"*\">All<\/button>\r\n\t\t\t\t\t<button class=\"\" data-filter=\".diseno-grafico\">Dise\u00f1o Gr\u00e1fico<\/button><button class=\"\" data-filter=\".logotipo\">Logotipo<\/button><button class=\"\" data-filter=\".pagina-web\">P\u00e1gina Web<\/button><button class=\"\" data-filter=\".redes-sociales\">Redes Sociales<\/button>\t\t\t\t\r\n\t\t\t<\/div>\t\r\n\t\t<\/div>\t\r\n\t<\/div>\t\r\n\t\t\r\n\r\n\t<!-- PORTFOLIO IMAGES HOLDER -->\t\r\n\t<div class=\"row\">\t\r\n\t\t<div class=\"col-md-12 portfolio-items-list ind-5\">\r\n\t\t\t<div class=\"masonry-wrap grid-loaded\">\r\n\t\r\n\t\t\t\t\t\t\t\t<!-- IMAGE #1 -->\r\n\t\t\t\t  \t<div class=\"portfolio-item  logotipo\">\r\n\t\t\t\t\t\t<div class=\"hover-overlay\"> \r\n\t\t\t\t\t\t\t\r\n\t\t\t\t\t\t\t\t\t\t\t\t\t\t\t<!-- Project Preview Image -->\r\n\t\t\t\t\t\t\t\t<img decoding=\"async\" class=\"img-fluid\" src=\"https:\/\/www.salpadesigns.com\/es\/wp-content\/uploads\/2018\/10\/creaciones-vilma-portada-400x400.webp\" alt=\"Creaciones Vilma\" \/>\t\r\n\t\t\t\t\t\t\t\t\t\t\t\t\t\t<div class=\"item-overlay\"><\/div>\r\n\r\n\t\t\t\t\t\t\t\r\n\t\t\t\t\t\t\t<div class=\"project-description white-color\">\r\n\t\t\t\t\t\t\t\t<div class=\"project-link\">\r\n\t\t\t\t\t\t\t\t\t\r\n\t\t\t\t\t\t\t\t\t<p class=\"rose-color\">Logotipo<\/p><!-- Project Meta -->\t\r\n\t\t\t\t\t\t\t\t\t\r\n\t\t\t\t\t\t\t\t\t<h5 class=\"h5-lg\">\r\n\t\t\t\t\t\t\t\t\t\t\t\r\n\t\t\t\t\t\t\t\t\t\t<!-- Image Zoom -->\r\n\t\t\t\t\t\t\t\t\t\t\t\t\t\t\t\r\n\t\t\t\t\t\t\t\t\t\t<a class=\"image-link\" href=\"https:\/\/www.salpadesigns.com\/es\/wp-content\/uploads\/2018\/10\/creaciones-vilma-portada.webp\" title=\"Creaciones Vilma\">\r\n\t\t\t\t\t\t\t\t\t\t\r\n\t\t\t\t\t\t\t\t\t\t\t\t\t\t\t\t\t\t\t\t\tCreaciones Vilma\t\t\t\t\t\t\t\t\t\t\t\r\n\t\t\t\t\t\t\t\t\t\t<\/a>\r\n\t\t\t\t\t\t\t\t\t<\/h5><!-- Project Link -->\r\n\t\t\t\t\t\t\t\t<\/div>\r\n\t\t\t\t\t\t\t<\/div> <!-- Project Description -->\r\n\t\t\t\t\t\t\t\r\n\t\t\t\t\t\t<\/div>\t\r\n\t\t\t\t\t<\/div>\t<!-- END IMAGE #1 -->\r\n\t\t\t\t\t\t\t\t<!-- IMAGE #1 -->\r\n\t\t\t\t  \t<div class=\"portfolio-item  diseno-grafico logotipo pagina-web redes-sociales\">\r\n\t\t\t\t\t\t<div class=\"hover-overlay\"> \r\n\t\t\t\t\t\t\t\r\n\t\t\t\t\t\t\t\t\t\t\t\t\t\t\t<!-- Project Preview Image -->\r\n\t\t\t\t\t\t\t\t<img decoding=\"async\" class=\"img-fluid\" src=\"https:\/\/www.salpadesigns.com\/es\/wp-content\/uploads\/2018\/10\/nico-janitorial-portada-400x518.webp\" alt=\"Nico Janitorial\" \/>\t\r\n\t\t\t\t\t\t\t\t\t\t\t\t\t\t<div class=\"item-overlay\"><\/div>\r\n\r\n\t\t\t\t\t\t\t\r\n\t\t\t\t\t\t\t<div class=\"project-description white-color\">\r\n\t\t\t\t\t\t\t\t<div class=\"project-link\">\r\n\t\t\t\t\t\t\t\t\t\r\n\t\t\t\t\t\t\t\t\t<p class=\"rose-color\">Dise\u00f1o Gr\u00e1fico, Logotipo, P\u00e1gina Web, Redes Sociales<\/p><!-- Project Meta -->\t\r\n\t\t\t\t\t\t\t\t\t\r\n\t\t\t\t\t\t\t\t\t<h5 class=\"h5-lg\">\r\n\t\t\t\t\t\t\t\t\t\t\t\r\n\t\t\t\t\t\t\t\t\t\t<!-- Image Zoom -->\r\n\t\t\t\t\t\t\t\t\t\t\t\t\t\t\t\r\n\t\t\t\t\t\t\t\t\t\t<a class=\"image-link\" href=\"https:\/\/www.salpadesigns.com\/es\/wp-content\/uploads\/2018\/10\/nico-janitorial-portada.webp\" title=\"Nico Janitorial\">\r\n\t\t\t\t\t\t\t\t\t\t\r\n\t\t\t\t\t\t\t\t\t\t\t\t\t\t\t\t\t\t\t\t\tNico Janitorial\t\t\t\t\t\t\t\t\t\t\t\r\n\t\t\t\t\t\t\t\t\t\t<\/a>\r\n\t\t\t\t\t\t\t\t\t<\/h5><!-- Project Link -->\r\n\t\t\t\t\t\t\t\t<\/div>\r\n\t\t\t\t\t\t\t<\/div> <!-- Project Description -->\r\n\t\t\t\t\t\t\t\r\n\t\t\t\t\t\t<\/div>\t\r\n\t\t\t\t\t<\/div>\t<!-- END IMAGE #1 -->\r\n\t\t\t\t\t\t\t\t<!-- IMAGE #1 -->\r\n\t\t\t\t  \t<div class=\"portfolio-item  logotipo pagina-web\">\r\n\t\t\t\t\t\t<div class=\"hover-overlay\"> \r\n\t\t\t\t\t\t\t\r\n\t\t\t\t\t\t\t\t\t\t\t\t\t\t\t<!-- Project Preview Image -->\r\n\t\t\t\t\t\t\t\t<img decoding=\"async\" class=\"img-fluid\" src=\"https:\/\/www.salpadesigns.com\/es\/wp-content\/uploads\/2018\/10\/psicoaprendizaje-sol-portada-400x400.webp\" alt=\"Psicoaprendizaje SOL\" \/>\t\r\n\t\t\t\t\t\t\t\t\t\t\t\t\t\t<div class=\"item-overlay\"><\/div>\r\n\r\n\t\t\t\t\t\t\t\r\n\t\t\t\t\t\t\t<div class=\"project-description white-color\">\r\n\t\t\t\t\t\t\t\t<div class=\"project-link\">\r\n\t\t\t\t\t\t\t\t\t\r\n\t\t\t\t\t\t\t\t\t<p class=\"rose-color\">Logotipo, P\u00e1gina Web<\/p><!-- Project Meta -->\t\r\n\t\t\t\t\t\t\t\t\t\r\n\t\t\t\t\t\t\t\t\t<h5 class=\"h5-lg\">\r\n\t\t\t\t\t\t\t\t\t\t\t\r\n\t\t\t\t\t\t\t\t\t\t<!-- Image Zoom -->\r\n\t\t\t\t\t\t\t\t\t\t\t\t\t\t\t\r\n\t\t\t\t\t\t\t\t\t\t<a class=\"image-link\" href=\"https:\/\/www.salpadesigns.com\/es\/wp-content\/uploads\/2018\/10\/psicoaprendizaje-sol-portada.webp\" title=\"Psicoaprendizaje SOL\">\r\n\t\t\t\t\t\t\t\t\t\t\r\n\t\t\t\t\t\t\t\t\t\t\t\t\t\t\t\t\t\t\t\t\tPsicoaprendizaje SOL\t\t\t\t\t\t\t\t\t\t\t\r\n\t\t\t\t\t\t\t\t\t\t<\/a>\r\n\t\t\t\t\t\t\t\t\t<\/h5><!-- Project Link -->\r\n\t\t\t\t\t\t\t\t<\/div>\r\n\t\t\t\t\t\t\t<\/div> <!-- Project Description -->\r\n\t\t\t\t\t\t\t\r\n\t\t\t\t\t\t<\/div>\t\r\n\t\t\t\t\t<\/div>\t<!-- END IMAGE #1 -->\r\n\t\t\t\t\t\t\t\t<!-- IMAGE #1 -->\r\n\t\t\t\t  \t<div class=\"portfolio-item  diseno-grafico logotipo pagina-web redes-sociales\">\r\n\t\t\t\t\t\t<div class=\"hover-overlay\"> \r\n\t\t\t\t\t\t\t\r\n\t\t\t\t\t\t\t\t\t\t\t\t\t\t\t<!-- Project Preview Image -->\r\n\t\t\t\t\t\t\t\t<img decoding=\"async\" class=\"img-fluid\" src=\"https:\/\/www.salpadesigns.com\/es\/wp-content\/uploads\/2018\/10\/lissette-estilista-profesional-portada-400x400.webp\" alt=\"Lissette Estilista Profesional\" \/>\t\r\n\t\t\t\t\t\t\t\t\t\t\t\t\t\t<div class=\"item-overlay\"><\/div>\r\n\r\n\t\t\t\t\t\t\t\r\n\t\t\t\t\t\t\t<div class=\"project-description white-color\">\r\n\t\t\t\t\t\t\t\t<div class=\"project-link\">\r\n\t\t\t\t\t\t\t\t\t\r\n\t\t\t\t\t\t\t\t\t<p class=\"rose-color\">Dise\u00f1o Gr\u00e1fico, Logotipo, P\u00e1gina Web, Redes Sociales<\/p><!-- Project Meta -->\t\r\n\t\t\t\t\t\t\t\t\t\r\n\t\t\t\t\t\t\t\t\t<h5 class=\"h5-lg\">\r\n\t\t\t\t\t\t\t\t\t\t\t\r\n\t\t\t\t\t\t\t\t\t\t<!-- Image Zoom -->\r\n\t\t\t\t\t\t\t\t\t\t\t\t\t\t\t\r\n\t\t\t\t\t\t\t\t\t\t<a class=\"image-link\" href=\"https:\/\/www.salpadesigns.com\/es\/wp-content\/uploads\/2018\/10\/lissette-estilista-profesional-portada.webp\" title=\"Lissette Estilista Profesional\">\r\n\t\t\t\t\t\t\t\t\t\t\r\n\t\t\t\t\t\t\t\t\t\t\t\t\t\t\t\t\t\t\t\t\tLissette Estilista Profesional\t\t\t\t\t\t\t\t\t\t\t\r\n\t\t\t\t\t\t\t\t\t\t<\/a>\r\n\t\t\t\t\t\t\t\t\t<\/h5><!-- Project Link -->\r\n\t\t\t\t\t\t\t\t<\/div>\r\n\t\t\t\t\t\t\t<\/div> <!-- Project Description -->\r\n\t\t\t\t\t\t\t\r\n\t\t\t\t\t\t<\/div>\t\r\n\t\t\t\t\t<\/div>\t<!-- END IMAGE #1 -->\r\n\t\t\t\t\t\t\t\t<!-- IMAGE #1 -->\r\n\t\t\t\t  \t<div class=\"portfolio-item  logotipo\">\r\n\t\t\t\t\t\t<div class=\"hover-overlay\"> \r\n\t\t\t\t\t\t\t\r\n\t\t\t\t\t\t\t\t\t\t\t\t\t\t\t<!-- Project Preview Image -->\r\n\t\t\t\t\t\t\t\t<img decoding=\"async\" class=\"img-fluid\" src=\"https:\/\/www.salpadesigns.com\/es\/wp-content\/uploads\/2018\/10\/delicias-express-portada-400x518.webp\" alt=\"Delicias Express\" \/>\t\r\n\t\t\t\t\t\t\t\t\t\t\t\t\t\t<div class=\"item-overlay\"><\/div>\r\n\r\n\t\t\t\t\t\t\t\r\n\t\t\t\t\t\t\t<div class=\"project-description white-color\">\r\n\t\t\t\t\t\t\t\t<div class=\"project-link\">\r\n\t\t\t\t\t\t\t\t\t\r\n\t\t\t\t\t\t\t\t\t<p class=\"rose-color\">Logotipo<\/p><!-- Project Meta -->\t\r\n\t\t\t\t\t\t\t\t\t\r\n\t\t\t\t\t\t\t\t\t<h5 class=\"h5-lg\">\r\n\t\t\t\t\t\t\t\t\t\t\t\r\n\t\t\t\t\t\t\t\t\t\t<!-- Image Zoom -->\r\n\t\t\t\t\t\t\t\t\t\t\t\t\t\t\t\r\n\t\t\t\t\t\t\t\t\t\t<a class=\"image-link\" href=\"https:\/\/www.salpadesigns.com\/es\/wp-content\/uploads\/2018\/10\/delicias-express-portada.webp\" title=\"Delicias Express\">\r\n\t\t\t\t\t\t\t\t\t\t\r\n\t\t\t\t\t\t\t\t\t\t\t\t\t\t\t\t\t\t\t\t\tDelicias Express\t\t\t\t\t\t\t\t\t\t\t\r\n\t\t\t\t\t\t\t\t\t\t<\/a>\r\n\t\t\t\t\t\t\t\t\t<\/h5><!-- Project Link -->\r\n\t\t\t\t\t\t\t\t<\/div>\r\n\t\t\t\t\t\t\t<\/div> <!-- Project Description -->\r\n\t\t\t\t\t\t\t\r\n\t\t\t\t\t\t<\/div>\t\r\n\t\t\t\t\t<\/div>\t<!-- END IMAGE #1 -->\r\n\t\t\t\t\t\t\t\t<!-- IMAGE #1 -->\r\n\t\t\t\t  \t<div class=\"portfolio-item  pagina-web\">\r\n\t\t\t\t\t\t<div class=\"hover-overlay\"> \r\n\t\t\t\t\t\t\t\r\n\t\t\t\t\t\t\t\t\t\t\t\t\t\t\t<!-- Project Preview Image -->\r\n\t\t\t\t\t\t\t\t<img decoding=\"async\" class=\"img-fluid\" src=\"https:\/\/www.salpadesigns.com\/es\/wp-content\/uploads\/2018\/10\/hero-construction-portada-400x400.webp\" alt=\"Hero Construction\" \/>\t\r\n\t\t\t\t\t\t\t\t\t\t\t\t\t\t<div class=\"item-overlay\"><\/div>\r\n\r\n\t\t\t\t\t\t\t\r\n\t\t\t\t\t\t\t<div class=\"project-description white-color\">\r\n\t\t\t\t\t\t\t\t<div class=\"project-link\">\r\n\t\t\t\t\t\t\t\t\t\r\n\t\t\t\t\t\t\t\t\t<p class=\"rose-color\">P\u00e1gina Web<\/p><!-- Project Meta -->\t\r\n\t\t\t\t\t\t\t\t\t\r\n\t\t\t\t\t\t\t\t\t<h5 class=\"h5-lg\">\r\n\t\t\t\t\t\t\t\t\t\t\t\r\n\t\t\t\t\t\t\t\t\t\t<!-- Image Zoom -->\r\n\t\t\t\t\t\t\t\t\t\t\t\t\t\t\t\r\n\t\t\t\t\t\t\t\t\t\t<a class=\"image-link\" href=\"https:\/\/www.salpadesigns.com\/es\/wp-content\/uploads\/2018\/10\/hero-construction-portada.webp\" title=\"Hero Construction\">\r\n\t\t\t\t\t\t\t\t\t\t\r\n\t\t\t\t\t\t\t\t\t\t\t\t\t\t\t\t\t\t\t\t\tHero Construction\t\t\t\t\t\t\t\t\t\t\t\r\n\t\t\t\t\t\t\t\t\t\t<\/a>\r\n\t\t\t\t\t\t\t\t\t<\/h5><!-- Project Link -->\r\n\t\t\t\t\t\t\t\t<\/div>\r\n\t\t\t\t\t\t\t<\/div> <!-- Project Description -->\r\n\t\t\t\t\t\t\t\r\n\t\t\t\t\t\t<\/div>\t\r\n\t\t\t\t\t<\/div>\t<!-- END IMAGE #1 -->\r\n\t\t\t\t\t\t\t\t<!-- IMAGE #1 -->\r\n\t\t\t\t  \t<div class=\"portfolio-item  logotipo\">\r\n\t\t\t\t\t\t<div class=\"hover-overlay\"> \r\n\t\t\t\t\t\t\t\r\n\t\t\t\t\t\t\t\t\t\t\t\t\t\t\t<!-- Project Preview Image -->\r\n\t\t\t\t\t\t\t\t<img decoding=\"async\" class=\"img-fluid\" src=\"https:\/\/www.salpadesigns.com\/es\/wp-content\/uploads\/2018\/10\/vs-roofing-portada-400x518.webp\" alt=\"V &#038; S Roofing Services\" \/>\t\r\n\t\t\t\t\t\t\t\t\t\t\t\t\t\t<div class=\"item-overlay\"><\/div>\r\n\r\n\t\t\t\t\t\t\t\r\n\t\t\t\t\t\t\t<div class=\"project-description white-color\">\r\n\t\t\t\t\t\t\t\t<div class=\"project-link\">\r\n\t\t\t\t\t\t\t\t\t\r\n\t\t\t\t\t\t\t\t\t<p class=\"rose-color\">Logotipo<\/p><!-- Project Meta -->\t\r\n\t\t\t\t\t\t\t\t\t\r\n\t\t\t\t\t\t\t\t\t<h5 class=\"h5-lg\">\r\n\t\t\t\t\t\t\t\t\t\t\t\r\n\t\t\t\t\t\t\t\t\t\t<!-- Image Zoom -->\r\n\t\t\t\t\t\t\t\t\t\t\t\t\t\t\t\r\n\t\t\t\t\t\t\t\t\t\t<a class=\"image-link\" href=\"https:\/\/www.salpadesigns.com\/es\/wp-content\/uploads\/2018\/10\/vs-roofing-portada.webp\" title=\"V &#038; S Roofing Services\">\r\n\t\t\t\t\t\t\t\t\t\t\r\n\t\t\t\t\t\t\t\t\t\t\t\t\t\t\t\t\t\t\t\t\tV &#038; S Roofing Services\t\t\t\t\t\t\t\t\t\t\t\r\n\t\t\t\t\t\t\t\t\t\t<\/a>\r\n\t\t\t\t\t\t\t\t\t<\/h5><!-- Project Link -->\r\n\t\t\t\t\t\t\t\t<\/div>\r\n\t\t\t\t\t\t\t<\/div> <!-- Project Description -->\r\n\t\t\t\t\t\t\t\r\n\t\t\t\t\t\t<\/div>\t\r\n\t\t\t\t\t<\/div>\t<!-- END IMAGE #1 -->\r\n\t\t\t\t\t\t\t\t<!-- IMAGE #1 -->\r\n\t\t\t\t  \t<div class=\"portfolio-item  logotipo\">\r\n\t\t\t\t\t\t<div class=\"hover-overlay\"> \r\n\t\t\t\t\t\t\t\r\n\t\t\t\t\t\t\t\t\t\t\t\t\t\t\t<!-- Project Preview Image -->\r\n\t\t\t\t\t\t\t\t<img decoding=\"async\" class=\"img-fluid\" src=\"https:\/\/www.salpadesigns.com\/es\/wp-content\/uploads\/2018\/10\/michael-hidalgo-garden-maintenance-portada-400x400.webp\" alt=\"Michael Hidalgo Garden Maintenance\" \/>\t\r\n\t\t\t\t\t\t\t\t\t\t\t\t\t\t<div class=\"item-overlay\"><\/div>\r\n\r\n\t\t\t\t\t\t\t\r\n\t\t\t\t\t\t\t<div class=\"project-description white-color\">\r\n\t\t\t\t\t\t\t\t<div class=\"project-link\">\r\n\t\t\t\t\t\t\t\t\t\r\n\t\t\t\t\t\t\t\t\t<p class=\"rose-color\">Logotipo<\/p><!-- Project Meta -->\t\r\n\t\t\t\t\t\t\t\t\t\r\n\t\t\t\t\t\t\t\t\t<h5 class=\"h5-lg\">\r\n\t\t\t\t\t\t\t\t\t\t\t\r\n\t\t\t\t\t\t\t\t\t\t<!-- Image Zoom -->\r\n\t\t\t\t\t\t\t\t\t\t\t\t\t\t\t\r\n\t\t\t\t\t\t\t\t\t\t<a class=\"image-link\" href=\"https:\/\/www.salpadesigns.com\/es\/wp-content\/uploads\/2018\/10\/michael-hidalgo-garden-maintenance-portada.webp\" title=\"Michael Hidalgo Garden Maintenance\">\r\n\t\t\t\t\t\t\t\t\t\t\r\n\t\t\t\t\t\t\t\t\t\t\t\t\t\t\t\t\t\t\t\t\tMichael Hidalgo Garden Maintenance\t\t\t\t\t\t\t\t\t\t\t\r\n\t\t\t\t\t\t\t\t\t\t<\/a>\r\n\t\t\t\t\t\t\t\t\t<\/h5><!-- Project Link -->\r\n\t\t\t\t\t\t\t\t<\/div>\r\n\t\t\t\t\t\t\t<\/div> <!-- Project Description -->\r\n\t\t\t\t\t\t\t\r\n\t\t\t\t\t\t<\/div>\t\r\n\t\t\t\t\t<\/div>\t<!-- END IMAGE #1 -->\r\n\t\t\t\t\t\t\t\t<!-- IMAGE #1 -->\r\n\t\t\t\t  \t<div class=\"portfolio-item  logotipo\">\r\n\t\t\t\t\t\t<div class=\"hover-overlay\"> \r\n\t\t\t\t\t\t\t\r\n\t\t\t\t\t\t\t\t\t\t\t\t\t\t\t<!-- Project Preview Image -->\r\n\t\t\t\t\t\t\t\t<img decoding=\"async\" class=\"img-fluid\" src=\"https:\/\/www.salpadesigns.com\/es\/wp-content\/uploads\/2018\/10\/alfasafe-international-portada-400x400.webp\" alt=\"AlfaSafe International\" \/>\t\r\n\t\t\t\t\t\t\t\t\t\t\t\t\t\t<div class=\"item-overlay\"><\/div>\r\n\r\n\t\t\t\t\t\t\t\r\n\t\t\t\t\t\t\t<div class=\"project-description white-color\">\r\n\t\t\t\t\t\t\t\t<div class=\"project-link\">\r\n\t\t\t\t\t\t\t\t\t\r\n\t\t\t\t\t\t\t\t\t<p class=\"rose-color\">Logotipo<\/p><!-- Project Meta -->\t\r\n\t\t\t\t\t\t\t\t\t\r\n\t\t\t\t\t\t\t\t\t<h5 class=\"h5-lg\">\r\n\t\t\t\t\t\t\t\t\t\t\t\r\n\t\t\t\t\t\t\t\t\t\t<!-- Image Zoom -->\r\n\t\t\t\t\t\t\t\t\t\t\t\t\t\t\t\r\n\t\t\t\t\t\t\t\t\t\t<a class=\"image-link\" href=\"https:\/\/www.salpadesigns.com\/es\/wp-content\/uploads\/2018\/10\/alfasafe-international-portada.webp\" title=\"AlfaSafe International\">\r\n\t\t\t\t\t\t\t\t\t\t\r\n\t\t\t\t\t\t\t\t\t\t\t\t\t\t\t\t\t\t\t\t\tAlfaSafe International\t\t\t\t\t\t\t\t\t\t\t\r\n\t\t\t\t\t\t\t\t\t\t<\/a>\r\n\t\t\t\t\t\t\t\t\t<\/h5><!-- Project Link -->\r\n\t\t\t\t\t\t\t\t<\/div>\r\n\t\t\t\t\t\t\t<\/div> <!-- Project Description -->\r\n\t\t\t\t\t\t\t\r\n\t\t\t\t\t\t<\/div>\t\r\n\t\t\t\t\t<\/div>\t<!-- END IMAGE #1 -->\r\n\t\t\t\t\r\n\t\t\t<\/div>\t\r\n\t\t<\/div>\t\t\t\t\t\t\t\r\n\t<\/div>\t\t<!-- END PORTFOLIO IMAGES HOLDER -->\r\n<\/div>\t\r\n[\/vc_column][\/vc_row][vc_row][vc_column][vc_empty_space height=\u00bb80px\u00bb][genemy_call_to_action title=\u00bbNecesitas {algo espec\u00edfico?} Hablemos de tu pr\u00f3ximo proyecto\u00bb lead_text=\u00bbDise\u00f1emos juntos algo grandioso para tu negocio.\u00bb subtitle=\u00bb\u00bb params=\u00bb%5B%7B%22icon%22%3A%22fas%20fa-arrow-right%22%2C%22button_text%22%3A%22Cont%C3%A1ctanos%22%2C%22button_url%22%3A%22https%3A%2F%2Fwww.salpadesigns.com%2Fes%2Fcontacto%2F%22%2C%22button_target%22%3A%22_self%22%2C%22button_style%22%3A%22btn-yellow%22%2C%22button_size%22%3A%22btn-lg%22%7D%5D\u00bb][\/vc_column][\/vc_row]<\/p>\n<\/div>","protected":false},"excerpt":{"rendered":"<p>[vc_row][vc_column][genemy_section_title name=\u00bbLo m\u00e1s reciente de nuestro portafolio\u00bb title=\u00bbDise\u00f1amos sitios {web atractivos} para tu negocio\u00bb subtitle=\u00bb\u00bb align=\u00bbleft\u00bb underline_color=\u00bbunderline-yellow\u00bb][\/vc_column][\/vc_row][vc_row][vc_column][\/vc_column][\/vc_row][vc_row][vc_column][vc_empty_space height=\u00bb80px\u00bb][genemy_call_to_action title=\u00bbNecesitas {algo espec\u00edfico?} Hablemos de tu pr\u00f3ximo proyecto\u00bb lead_text=\u00bbDise\u00f1emos juntos algo grandioso para tu negocio.\u00bb subtitle=\u00bb\u00bb params=\u00bb%5B%7B%22icon%22%3A%22fas%20fa-arrow-right%22%2C%22button_text%22%3A%22Cont%C3%A1ctanos%22%2C%22button_url%22%3A%22https%3A%2F%2Fwww.salpadesigns.com%2Fes%2Fcontacto%2F%22%2C%22button_target%22%3A%22_self%22%2C%22button_style%22%3A%22btn-yellow%22%2C%22button_size%22%3A%22btn-lg%22%7D%5D\u00bb][\/vc_column][\/vc_row]<\/p>\n","protected":false},"author":1,"featured_media":0,"parent":0,"menu_order":0,"comment_status":"closed","ping_status":"closed","template":"","meta":{"footnotes":""},"class_list":["post-804","page","type-page","status-publish","hentry"],"aioseo_notices":[],"post_mailing_queue_ids":[],"_links":{"self":[{"href":"https:\/\/www.salpadesigns.com\/es\/wp-json\/wp\/v2\/pages\/804","targetHints":{"allow":["GET"]}}],"collection":[{"href":"https:\/\/www.salpadesigns.com\/es\/wp-json\/wp\/v2\/pages"}],"about":[{"href":"https:\/\/www.salpadesigns.com\/es\/wp-json\/wp\/v2\/types\/page"}],"author":[{"embeddable":true,"href":"https:\/\/www.salpadesigns.com\/es\/wp-json\/wp\/v2\/users\/1"}],"replies":[{"embeddable":true,"href":"https:\/\/www.salpadesigns.com\/es\/wp-json\/wp\/v2\/comments?post=804"}],"version-history":[{"count":7,"href":"https:\/\/www.salpadesigns.com\/es\/wp-json\/wp\/v2\/pages\/804\/revisions"}],"predecessor-version":[{"id":1328,"href":"https:\/\/www.salpadesigns.com\/es\/wp-json\/wp\/v2\/pages\/804\/revisions\/1328"}],"wp:attachment":[{"href":"https:\/\/www.salpadesigns.com\/es\/wp-json\/wp\/v2\/media?parent=804"}],"curies":[{"name":"wp","href":"https:\/\/api.w.org\/{rel}","templated":true}]}}